{"id":7800,"date":"2025-10-30T17:00:11","date_gmt":"2025-10-30T16:00:11","guid":{"rendered":"https:\/\/choisycollection.com\/?post_type=product&#038;p=7800"},"modified":"2025-10-30T17:04:02","modified_gmt":"2025-10-30T16:04:02","slug":"pantalon-wide-leg-et-boutons-pont","status":"publish","type":"product","link":"https:\/\/choisycollection.com\/en\/produit\/pantalon-wide-leg-et-boutons-pont\/","title":{"rendered":"JEAN WIDE LEG ET BOUTONS PONT"},"content":{"rendered":"","protected":false},"excerpt":{"rendered":"<p>Adoptez une allure chic et d\u00e9contract\u00e9e avec notre jean <strong>Wild WIDE<\/strong>, revisit\u00e9 avec de superbes <strong>boutons pont dor\u00e9s<\/strong> pour une touche d\u2019inspiration marine. Sa coupe large et taille haute allonge la silhouette tout en assurant un confort absolu gr\u00e2ce \u00e0 sa composition en coton stretch.<\/p>\n<p><strong>D\u00e9tails du produit :<\/strong><br \/>\n\u2013 Coupe : wide leg (jambe large)<br \/>\n\u2013 Taille : haute<br \/>\n\u2013 Fermeture : boutons pont d\u00e9coratifs sur le devant<br \/>\n\u2013 D\u00e9tails : couture contrast\u00e9e, finitions soign\u00e9es<br \/>\n\u2013 Mati\u00e8re douce et l\u00e9g\u00e8rement extensible<\/p>\n<p><strong>Composition :<\/strong><br \/>\n98 % coton<br \/>\n2 % \u00e9lasthanne<br \/>\nNotre mannequin mesure <strong>177 cm<\/strong> et porte une taille <strong>36<\/strong>.<\/p>\n<p><strong>Entretien :<\/strong><br \/>\nLavage \u00e0 30 \u00b0C, \u00e0 l\u2019envers et avec des couleurs similaires.<\/p>\n","protected":false},"featured_media":7738,"comment_status":"closed","ping_status":"closed","template":"","meta":[],"product_brand":[],"product_cat":[15],"product_tag":[],"class_list":{"0":"post-7800","1":"product","2":"type-product","3":"status-publish","4":"has-post-thumbnail","6":"product_cat-robes-manches-longues","7":"product_shipping_class-chemise","9":"first","10":"instock","11":"shipping-taxable","12":"purchasable","13":"product-type-variable"},"_links":{"self":[{"href":"https:\/\/choisycollection.com\/en\/wp-json\/wp\/v2\/product\/7800","targetHints":{"allow":["GET"]}}],"collection":[{"href":"https:\/\/choisycollection.com\/en\/wp-json\/wp\/v2\/product"}],"about":[{"href":"https:\/\/choisycollection.com\/en\/wp-json\/wp\/v2\/types\/product"}],"replies":[{"embeddable":true,"href":"https:\/\/choisycollection.com\/en\/wp-json\/wp\/v2\/comments?post=7800"}],"wp:featuredmedia":[{"embeddable":true,"href":"https:\/\/choisycollection.com\/en\/wp-json\/wp\/v2\/media\/7738"}],"wp:attachment":[{"href":"https:\/\/choisycollection.com\/en\/wp-json\/wp\/v2\/media?parent=7800"}],"wp:term":[{"taxonomy":"product_brand","embeddable":true,"href":"https:\/\/choisycollection.com\/en\/wp-json\/wp\/v2\/product_brand?post=7800"},{"taxonomy":"product_cat","embeddable":true,"href":"https:\/\/choisycollection.com\/en\/wp-json\/wp\/v2\/product_cat?post=7800"},{"taxonomy":"product_tag","embeddable":true,"href":"https:\/\/choisycollection.com\/en\/wp-json\/wp\/v2\/product_tag?post=7800"}],"curies":[{"name":"wp","href":"https:\/\/api.w.org\/{rel}","templated":true}]}}